{"id":1204,"date":"2020-10-13T10:55:57","date_gmt":"2020-10-13T07:55:57","guid":{"rendered":"http:\/\/www.grafas.org\/demo01\/?page_id=10"},"modified":"2025-05-07T13:59:21","modified_gmt":"2025-05-07T13:59:21","slug":"home","status":"publish","type":"page","link":"https:\/\/kacsortundeart.com\/en\/","title":{"rendered":"Main Page"},"content":{"rendered":"<div data-elementor-type=\"wp-page\" data-elementor-id=\"1204\" class=\"elementor elementor-1204\">\n\t\t\t\t\t\t<section class=\"elementor-section elementor-top-section elementor-element elementor-element-8828dd8 elementor-section-height-min-height elementor-section-items-bottom elementor-section-boxed elementor-section-height-default\" data-id=\"8828dd8\" data-element_type=\"section\" data-e-type=\"section\" data-settings=\"{&quot;background_background&quot;:&quot;classic&quot;}\">\n\t\t\t\t\t\t\t<div class=\"elementor-background-overlay\"><\/div>\n\t\t\t\t\t\t\t<div class=\"elementor-container elementor-column-gap-default\">\n\t\t\t\t\t<div class=\"elementor-column elementor-col-50 elementor-top-column elementor-element elementor-element-6d43801\" data-id=\"6d43801\" data-element_type=\"column\" data-e-type=\"column\">\n\t\t\t<div class=\"elementor-widget-wrap elementor-element-populated\">\n\t\t\t\t\t\t<div class=\"elementor-element elementor-element-31c8d6d elementor-widget elementor-widget-heading\" data-id=\"31c8d6d\" data-element_type=\"widget\" data-e-type=\"widget\" data-widget_type=\"heading.default\">\n\t\t\t\t<div class=\"elementor-widget-container\">\n\t\t\t\t\t<h1 class=\"elementor-heading-title elementor-size-default\">T\u00fcnde K\u00e1csor <\/h1>\t\t\t\t<\/div>\n\t\t\t\t<\/div>\n\t\t\t\t<div class=\"elementor-element elementor-element-9a9b4e4 elementor-hidden-phone elementor-widget elementor-widget-spacer\" data-id=\"9a9b4e4\" data-element_type=\"widget\" data-e-type=\"widget\" data-widget_type=\"spacer.default\">\n\t\t\t\t<div class=\"elementor-widget-container\">\n\t\t\t\t\t\t\t<div class=\"elementor-spacer\">\n\t\t\t<div class=\"elementor-spacer-inner\"><\/div>\n\t\t<\/div>\n\t\t\t\t\t\t<\/div>\n\t\t\t\t<\/div>\n\t\t\t\t\t<\/div>\n\t\t<\/div>\n\t\t\t\t<div class=\"elementor-column elementor-col-50 elementor-top-column elementor-element elementor-element-da860e5\" data-id=\"da860e5\" data-element_type=\"column\" data-e-type=\"column\">\n\t\t\t<div class=\"elementor-widget-wrap\">\n\t\t\t\t\t\t\t<\/div>\n\t\t<\/div>\n\t\t\t\t\t<\/div>\n\t\t<\/section>\n\t\t<div class=\"elementor-element elementor-element-ea3ad24 e-flex e-con-boxed e-con e-parent\" data-id=\"ea3ad24\" data-element_type=\"container\" data-e-type=\"container\" data-settings=\"{&quot;background_background&quot;:&quot;classic&quot;}\">\n\t\t\t\t\t<div class=\"e-con-inner\">\n\t\t<div class=\"elementor-element elementor-element-2b1901b e-con-full e-flex e-con e-child\" data-id=\"2b1901b\" data-element_type=\"container\" data-e-type=\"container\">\n\t\t\t\t<div class=\"elementor-element elementor-element-7af2f1a elementor-widget elementor-widget-heading\" data-id=\"7af2f1a\" data-element_type=\"widget\" data-e-type=\"widget\" data-widget_type=\"heading.default\">\n\t\t\t\t<div class=\"elementor-widget-container\">\n\t\t\t\t\t<h2 class=\"elementor-heading-title elementor-size-default\">n<\/h2>\t\t\t\t<\/div>\n\t\t\t\t<\/div>\n\t\t\t\t<div class=\"elementor-element elementor-element-2b7a313 elementor-widget elementor-widget-heading\" data-id=\"2b7a313\" data-element_type=\"widget\" data-e-type=\"widget\" data-widget_type=\"heading.default\">\n\t\t\t\t<div class=\"elementor-widget-container\">\n\t\t\t\t\t<h2 class=\"elementor-heading-title elementor-size-default\">n<\/h2>\t\t\t\t<\/div>\n\t\t\t\t<\/div>\n\t\t\t\t<div class=\"elementor-element elementor-element-804ea8a elementor-widget elementor-widget-heading\" data-id=\"804ea8a\" data-element_type=\"widget\" data-e-type=\"widget\" data-widget_type=\"heading.default\">\n\t\t\t\t<div class=\"elementor-widget-container\">\n\t\t\t\t\t<h2 class=\"elementor-heading-title elementor-size-default\">What does painting mean to me?<\/h2>\t\t\t\t<\/div>\n\t\t\t\t<\/div>\n\t\t\t\t<div class=\"elementor-element elementor-element-9a91d90 elementor-widget elementor-widget-heading\" data-id=\"9a91d90\" data-element_type=\"widget\" data-e-type=\"widget\" data-widget_type=\"heading.default\">\n\t\t\t\t<div class=\"elementor-widget-container\">\n\t\t\t\t\t<h2 class=\"elementor-heading-title elementor-size-default\">Painting is the meaning and purpose of my life.&nbsp;<div>It is an exciting opportunity to gain experiential knowledge, where I can understand processes, discover myself, and explore the world I live in.&nbsp;<span style=\"color: var( --e-global-color-5542aa0 );font-family: var(--global-heading-font-family);background-color: var( --e-global-color-kadence8 )\">It is a state of grace because, while painting, time ceases to exist, the weary mind retreats and quiets down, allowing play to finally begin. Here, I surrender myself with the greatest joy to the Creator, so that He may see through my eyes and create through my hands as He pleases, or, as Pilinszky would say, so that the Almighty may reveal Himself.<\/span><\/div><\/h2>\t\t\t\t<\/div>\n\t\t\t\t<\/div>\n\t\t\t\t<\/div>\n\t\t<div class=\"elementor-element elementor-element-12a5e12 e-con-full e-flex e-con e-child\" data-id=\"12a5e12\" data-element_type=\"container\" data-e-type=\"container\">\n\t\t\t\t<div class=\"elementor-element elementor-element-48be8b5 elementor-widget elementor-widget-image\" data-id=\"48be8b5\" data-element_type=\"widget\" data-e-type=\"widget\" data-widget_type=\"image.default\">\n\t\t\t\t<div class=\"elementor-widget-container\">\n\t\t\t\t\t\t\t\t\t\t\t\t\t\t\t<img decoding=\"async\" src=\"https:\/\/kacsortundeart.com\/wp-content\/uploads\/2024\/07\/Kepernyofoto-2024-07-05-13.58.02.png\" title=\"\" alt=\"\" loading=\"lazy\" \/>\t\t\t\t\t\t\t\t\t\t\t\t\t\t\t<\/div>\n\t\t\t\t<\/div>\n\t\t\t\t<div class=\"elementor-element elementor-element-7bd1c3a elementor-widget elementor-widget-heading\" data-id=\"7bd1c3a\" data-element_type=\"widget\" data-e-type=\"widget\" data-widget_type=\"heading.default\">\n\t\t\t\t<div class=\"elementor-widget-container\">\n\t\t\t\t\t<h2 class=\"elementor-heading-title elementor-size-default\">T\u00fcnde K\u00e1csor<\/h2>\t\t\t\t<\/div>\n\t\t\t\t<\/div>\n\t\t\t\t<\/div>\n\t\t\t\t\t<\/div>\n\t\t\t\t<\/div>\n\t\t<div class=\"elementor-element elementor-element-c9ed36a e-flex e-con-boxed e-con e-parent\" data-id=\"c9ed36a\" data-element_type=\"container\" data-e-type=\"container\" data-settings=\"{&quot;background_background&quot;:&quot;classic&quot;}\">\n\t\t\t\t\t<div class=\"e-con-inner\">\n\t\t\t\t<div class=\"elementor-element elementor-element-6b9d8f4 elementor-widget-divider--view-line elementor-widget elementor-widget-divider\" data-id=\"6b9d8f4\" data-element_type=\"widget\" data-e-type=\"widget\" data-widget_type=\"divider.default\">\n\t\t\t\t<div class=\"elementor-widget-container\">\n\t\t\t\t\t\t\t<div class=\"elementor-divider\">\n\t\t\t<span class=\"elementor-divider-separator\">\n\t\t\t\t\t\t<\/span>\n\t\t<\/div>\n\t\t\t\t\t\t<\/div>\n\t\t\t\t<\/div>\n\t\t\t\t\t<\/div>\n\t\t\t\t<\/div>\n\t\t\t\t<section class=\"elementor-section elementor-top-section elementor-element elementor-element-febf06a elementor-section-boxed elementor-section-height-default elementor-section-height-default\" data-id=\"febf06a\" data-element_type=\"section\" data-e-type=\"section\" data-settings=\"{&quot;background_background&quot;:&quot;classic&quot;}\">\n\t\t\t\t\t\t<div class=\"elementor-container elementor-column-gap-default\">\n\t\t\t\t\t<div class=\"elementor-column elementor-col-100 elementor-top-column elementor-element elementor-element-2392e31\" data-id=\"2392e31\" data-element_type=\"column\" data-e-type=\"column\" data-settings=\"{&quot;background_background&quot;:&quot;classic&quot;}\">\n\t\t\t<div class=\"elementor-widget-wrap elementor-element-populated\">\n\t\t\t\t\t\t<div class=\"elementor-element elementor-element-d7bb8dd elementor-widget elementor-widget-heading\" data-id=\"d7bb8dd\" data-element_type=\"widget\" data-e-type=\"widget\" data-widget_type=\"heading.default\">\n\t\t\t\t<div class=\"elementor-widget-container\">\n\t\t\t\t\t<h1 class=\"elementor-heading-title elementor-size-default\">Latest paintings<\/h1>\t\t\t\t<\/div>\n\t\t\t\t<\/div>\n\t\t\t\t\t<\/div>\n\t\t<\/div>\n\t\t\t\t\t<\/div>\n\t\t<\/section>\n\t\t<div class=\"elementor-element elementor-element-2831444 e-flex e-con-boxed e-con e-parent\" data-id=\"2831444\" data-element_type=\"container\" data-e-type=\"container\" data-settings=\"{&quot;background_background&quot;:&quot;classic&quot;}\">\n\t\t\t\t\t<div class=\"e-con-inner\">\n\t\t<div class=\"elementor-element elementor-element-4846f3d e-con-full e-flex e-con e-child\" data-id=\"4846f3d\" data-element_type=\"container\" data-e-type=\"container\">\n\t\t\t\t<div class=\"elementor-element elementor-element-c14ca8c elementor-widget elementor-widget-image\" data-id=\"c14ca8c\" data-element_type=\"widget\" data-e-type=\"widget\" data-widget_type=\"image.default\">\n\t\t\t\t<div class=\"elementor-widget-container\">\n\t\t\t\t\t\t\t\t\t\t\t\t\t\t\t<img fetchpriority=\"high\" decoding=\"async\" width=\"768\" height=\"494\" src=\"https:\/\/kacsortundeart.com\/wp-content\/uploads\/2024\/11\/Kepernyofoto-2024-11-29-21.36.22-1-768x494.png\" class=\"attachment-medium_large size-medium_large wp-image-1785\" alt=\"\" srcset=\"https:\/\/kacsortundeart.com\/wp-content\/uploads\/2024\/11\/Kepernyofoto-2024-11-29-21.36.22-1-768x494.png 768w, https:\/\/kacsortundeart.com\/wp-content\/uploads\/2024\/11\/Kepernyofoto-2024-11-29-21.36.22-1-300x193.png 300w, https:\/\/kacsortundeart.com\/wp-content\/uploads\/2024\/11\/Kepernyofoto-2024-11-29-21.36.22-1-1024x659.png 1024w, https:\/\/kacsortundeart.com\/wp-content\/uploads\/2024\/11\/Kepernyofoto-2024-11-29-21.36.22-1-1536x989.png 1536w, https:\/\/kacsortundeart.com\/wp-content\/uploads\/2024\/11\/Kepernyofoto-2024-11-29-21.36.22-1.png 1692w\" sizes=\"(max-width: 768px) 100vw, 768px\" \/>\t\t\t\t\t\t\t\t\t\t\t\t\t\t\t<\/div>\n\t\t\t\t<\/div>\n\t\t\t\t<\/div>\n\t\t<div class=\"elementor-element elementor-element-f203bc0 e-con-full e-flex e-con e-child\" data-id=\"f203bc0\" data-element_type=\"container\" data-e-type=\"container\">\n\t\t\t\t<div class=\"elementor-element elementor-element-8512d15 elementor-widget elementor-widget-image\" data-id=\"8512d15\" data-element_type=\"widget\" data-e-type=\"widget\" data-widget_type=\"image.default\">\n\t\t\t\t<div class=\"elementor-widget-container\">\n\t\t\t\t\t\t\t\t\t\t\t\t\t\t\t<img decoding=\"async\" width=\"1024\" height=\"654\" src=\"https:\/\/kacsortundeart.com\/wp-content\/uploads\/2024\/07\/Kepernyofoto-2024-07-08-13.46.56-1024x654.png\" class=\"attachment-large size-large wp-image-1372\" alt=\"\" srcset=\"https:\/\/kacsortundeart.com\/wp-content\/uploads\/2024\/07\/Kepernyofoto-2024-07-08-13.46.56-1024x654.png 1024w, https:\/\/kacsortundeart.com\/wp-content\/uploads\/2024\/07\/Kepernyofoto-2024-07-08-13.46.56-300x192.png 300w, https:\/\/kacsortundeart.com\/wp-content\/uploads\/2024\/07\/Kepernyofoto-2024-07-08-13.46.56-768x490.png 768w, https:\/\/kacsortundeart.com\/wp-content\/uploads\/2024\/07\/Kepernyofoto-2024-07-08-13.46.56-1536x981.png 1536w, https:\/\/kacsortundeart.com\/wp-content\/uploads\/2024\/07\/Kepernyofoto-2024-07-08-13.46.56.png 1917w\" sizes=\"(max-width: 1024px) 100vw, 1024px\" \/>\t\t\t\t\t\t\t\t\t\t\t\t\t\t\t<\/div>\n\t\t\t\t<\/div>\n\t\t\t\t<\/div>\n\t\t\t\t\t<\/div>\n\t\t\t\t<\/div>\n\t\t<div class=\"elementor-element elementor-element-aa75e22 e-flex e-con-boxed e-con e-parent\" data-id=\"aa75e22\" data-element_type=\"container\" data-e-type=\"container\" data-settings=\"{&quot;background_background&quot;:&quot;classic&quot;}\">\n\t\t\t\t\t<div class=\"e-con-inner\">\n\t\t<div class=\"elementor-element elementor-element-2168bd4 e-con-full e-flex e-con e-child\" data-id=\"2168bd4\" data-element_type=\"container\" data-e-type=\"container\">\n\t\t\t\t<div class=\"elementor-element elementor-element-5dbd8b3 elementor-widget elementor-widget-heading\" data-id=\"5dbd8b3\" data-element_type=\"widget\" data-e-type=\"widget\" data-widget_type=\"heading.default\">\n\t\t\t\t<div class=\"elementor-widget-container\">\n\t\t\t\t\t<h4 class=\"elementor-heading-title elementor-size-default\">T\u00e1jk\u00e9p, 50cm x 70cm, akril, farost<\/h4>\t\t\t\t<\/div>\n\t\t\t\t<\/div>\n\t\t\t\t<\/div>\n\t\t<div class=\"elementor-element elementor-element-91ea0da e-con-full e-flex e-con e-child\" data-id=\"91ea0da\" data-element_type=\"container\" data-e-type=\"container\">\n\t\t\t\t<div class=\"elementor-element elementor-element-28cf2b1 elementor-widget elementor-widget-heading\" data-id=\"28cf2b1\" data-element_type=\"widget\" data-e-type=\"widget\" data-widget_type=\"heading.default\">\n\t\t\t\t<div class=\"elementor-widget-container\">\n\t\t\t\t\t<h4 class=\"elementor-heading-title elementor-size-default\">T\u00e1jk\u00e9p, 50cm x 70cm, akril, farost<\/h4>\t\t\t\t<\/div>\n\t\t\t\t<\/div>\n\t\t\t\t<\/div>\n\t\t\t\t\t<\/div>\n\t\t\t\t<\/div>\n\t\t<div class=\"elementor-element elementor-element-e552857 e-flex e-con-boxed e-con e-parent\" data-id=\"e552857\" data-element_type=\"container\" data-e-type=\"container\" data-settings=\"{&quot;background_background&quot;:&quot;classic&quot;}\">\n\t\t\t\t\t<div class=\"e-con-inner\">\n\t\t\t\t<div class=\"elementor-element elementor-element-c971169 elementor-widget-divider--view-line elementor-widget elementor-widget-divider\" data-id=\"c971169\" data-element_type=\"widget\" data-e-type=\"widget\" data-widget_type=\"divider.default\">\n\t\t\t\t<div class=\"elementor-widget-container\">\n\t\t\t\t\t\t\t<div class=\"elementor-divider\">\n\t\t\t<span class=\"elementor-divider-separator\">\n\t\t\t\t\t\t<\/span>\n\t\t<\/div>\n\t\t\t\t\t\t<\/div>\n\t\t\t\t<\/div>\n\t\t\t\t\t<\/div>\n\t\t\t\t<\/div>\n\t\t<div class=\"elementor-element elementor-element-6cd0db3 e-flex e-con-boxed e-con e-parent\" data-id=\"6cd0db3\" data-element_type=\"container\" data-e-type=\"container\">\n\t\t\t\t\t<div class=\"e-con-inner\">\n\t\t<div class=\"elementor-element elementor-element-954389b e-con-full e-flex e-con e-child\" data-id=\"954389b\" data-element_type=\"container\" data-e-type=\"container\">\n\t\t\t\t<div class=\"elementor-element elementor-element-3ef864a elementor-widget-tablet__width-initial elementor-widget elementor-widget-heading\" data-id=\"3ef864a\" data-element_type=\"widget\" data-e-type=\"widget\" data-widget_type=\"heading.default\">\n\t\t\t\t<div class=\"elementor-widget-container\">\n\t\t\t\t\t<h2 class=\"elementor-heading-title elementor-size-default\">Metaphysical Realism<\/h2>\t\t\t\t<\/div>\n\t\t\t\t<\/div>\n\t\t\t\t<\/div>\n\t\t<div class=\"elementor-element elementor-element-ec2515b e-con-full e-flex e-con e-child\" data-id=\"ec2515b\" data-element_type=\"container\" data-e-type=\"container\">\n\t\t\t\t<div class=\"elementor-element elementor-element-645be12 elementor-widget elementor-widget-heading\" data-id=\"645be12\" data-element_type=\"widget\" data-e-type=\"widget\" data-widget_type=\"heading.default\">\n\t\t\t\t<div class=\"elementor-widget-container\">\n\t\t\t\t\t<h4 class=\"elementor-heading-title elementor-size-default\">T\u00fcndi festm\u00e9nyei betekin\u00e9sek a val\u00f3s\u00e1g \u00e9s az arr\u00f3l mes\u00e9l\u0151 metafizika k\u00f6z\u00f6tti kapcsolatba. Ugyanis a festm\u00e9nyei olyan t\u00e1jk\u00e9pek, melyek ak\u00e1r m\u00e1solatai is lehetn\u00e9nek f\u00f6ld\u00fcnk k\u00fcl\u00f6nleges term\u00e9szeti adotts\u00e1gainak, \u00e9s m\u00e9gis, a megfestett t\u00e1jak sokkal ink\u00e1bb t\u0171nnek egy term\u00e9szet f\u00f6l\u00f6tti vil\u00e1g, val\u00f3s\u00e1gh\u0171 \u00e1br\u00e1zolat\u00e1nak. Mik\u00f6zben figyelj\u00fck a k\u00e9peket \u00fagy t\u0171nhet, hogy ott s\u00e9t\u00e1lunk az id\u0151tlen term\u00e9szetben \u00e9s \u00e9rz\u00e9kelhetj\u00fck magunkon a sz\u00e9l mozg\u00e1s\u00e1t, hallhatjuk a v\u00edz morajl\u00e1s\u00e1t \u00e9s \u00e9rezhetj\u00fck a f\u00f6ld, a szikl\u00e1k, a h\u00f3 illat\u00e1t \u00e9s m\u00e1ris, \u00e9l\u0151v\u00e9 \u00e9s val\u00f3s\u00e1goss\u00e1 v\u00e1lik a pillanat. A krist\u00e1lytiszta v\u00edz, a robosztus sziklafalak \u00e9s a v\u00e9gel\u00e1thtatlan j\u00e9ghegyek \u00e9s h\u00f3mez\u0151k k\u00f6z\u00f6tt, \u00fagy ter\u00fcl sz\u00e9t a f\u00e9ny, mint egy napos reggelen az Alpok vagy a Dolomitok cs\u00facsai k\u00f6z\u00f6tt. \nOlyan l\u00e1t\u00e1sm\u00f3d ez, mely k\u00e9pes a teret, a term\u00e9szetet \u00e9s a benn\u00fck rejl\u0151 metafizikai val\u00f3jukat \u00fagy l\u00e1ttatni, hogy a m\u0171, az alkot\u00f3, a n\u00e9z\u0151 \u00e9s a F\u00f6nnval\u00f3 sz\u00e1m\u00e1ra lehets\u00e9ges egym\u00e1st konfliktus n\u00e9lk\u00fcl szeml\u00e9lni.  \/Luk\u00e1cs Anna, eszt\u00e9ta\/<\/h4>\t\t\t\t<\/div>\n\t\t\t\t<\/div>\n\t\t\t\t<\/div>\n\t\t\t\t\t<\/div>\n\t\t\t\t<\/div>\n\t\t<div class=\"elementor-element elementor-element-01b49c6 e-flex e-con-boxed e-con e-parent\" data-id=\"01b49c6\" data-element_type=\"container\" data-e-type=\"container\" data-settings=\"{&quot;background_background&quot;:&quot;classic&quot;}\">\n\t\t\t\t\t<div class=\"e-con-inner\">\n\t\t\t\t<div class=\"elementor-element elementor-element-e191d4a elementor-widget-divider--view-line elementor-widget elementor-widget-divider\" data-id=\"e191d4a\" data-element_type=\"widget\" data-e-type=\"widget\" data-widget_type=\"divider.default\">\n\t\t\t\t<div class=\"elementor-widget-container\">\n\t\t\t\t\t\t\t<div class=\"elementor-divider\">\n\t\t\t<span class=\"elementor-divider-separator\">\n\t\t\t\t\t\t<\/span>\n\t\t<\/div>\n\t\t\t\t\t\t<\/div>\n\t\t\t\t<\/div>\n\t\t\t\t\t<\/div>\n\t\t\t\t<\/div>\n\t\t<div class=\"elementor-element elementor-element-1cc4e2f e-flex e-con-boxed e-con e-parent\" data-id=\"1cc4e2f\" data-element_type=\"container\" data-e-type=\"container\" data-settings=\"{&quot;background_background&quot;:&quot;classic&quot;}\">\n\t\t\t\t\t<div class=\"e-con-inner\">\n\t\t<div class=\"elementor-element elementor-element-033a49b e-con-full e-flex e-con e-child\" data-id=\"033a49b\" data-element_type=\"container\" data-e-type=\"container\">\n\t\t\t\t<div class=\"elementor-element elementor-element-5fe631b elementor-widget elementor-widget-image\" data-id=\"5fe631b\" data-element_type=\"widget\" data-e-type=\"widget\" data-widget_type=\"image.default\">\n\t\t\t\t<div class=\"elementor-widget-container\">\n\t\t\t\t\t\t\t\t\t\t\t\t\t\t\t<img decoding=\"async\" width=\"768\" height=\"1112\" src=\"https:\/\/kacsortundeart.com\/wp-content\/uploads\/2024\/12\/Kepernyofoto-2024-12-11-13.19.43-768x1112.png\" class=\"attachment-medium_large size-medium_large wp-image-1944\" alt=\"\" srcset=\"https:\/\/kacsortundeart.com\/wp-content\/uploads\/2024\/12\/Kepernyofoto-2024-12-11-13.19.43-768x1112.png 768w, https:\/\/kacsortundeart.com\/wp-content\/uploads\/2024\/12\/Kepernyofoto-2024-12-11-13.19.43-207x300.png 207w, https:\/\/kacsortundeart.com\/wp-content\/uploads\/2024\/12\/Kepernyofoto-2024-12-11-13.19.43-707x1024.png 707w, https:\/\/kacsortundeart.com\/wp-content\/uploads\/2024\/12\/Kepernyofoto-2024-12-11-13.19.43-8x12.png 8w, https:\/\/kacsortundeart.com\/wp-content\/uploads\/2024\/12\/Kepernyofoto-2024-12-11-13.19.43.png 1058w\" sizes=\"(max-width: 768px) 100vw, 768px\" \/>\t\t\t\t\t\t\t\t\t\t\t\t\t\t\t<\/div>\n\t\t\t\t<\/div>\n\t\t\t\t<\/div>\n\t\t<div class=\"elementor-element elementor-element-7d8598c e-con-full e-flex e-con e-child\" data-id=\"7d8598c\" data-element_type=\"container\" data-e-type=\"container\">\n\t\t\t\t<div class=\"elementor-element elementor-element-f9761c2 elementor-widget elementor-widget-image\" data-id=\"f9761c2\" data-element_type=\"widget\" data-e-type=\"widget\" data-widget_type=\"image.default\">\n\t\t\t\t<div class=\"elementor-widget-container\">\n\t\t\t\t\t\t\t\t\t\t\t\t\t\t\t<img loading=\"lazy\" decoding=\"async\" width=\"768\" height=\"1120\" src=\"https:\/\/kacsortundeart.com\/wp-content\/uploads\/2024\/11\/Kepernyofoto-2024-11-29-21.39.51-768x1120.png\" class=\"attachment-medium_large size-medium_large wp-image-1788\" alt=\"\" srcset=\"https:\/\/kacsortundeart.com\/wp-content\/uploads\/2024\/11\/Kepernyofoto-2024-11-29-21.39.51-768x1120.png 768w, https:\/\/kacsortundeart.com\/wp-content\/uploads\/2024\/11\/Kepernyofoto-2024-11-29-21.39.51-206x300.png 206w, https:\/\/kacsortundeart.com\/wp-content\/uploads\/2024\/11\/Kepernyofoto-2024-11-29-21.39.51-702x1024.png 702w, https:\/\/kacsortundeart.com\/wp-content\/uploads\/2024\/11\/Kepernyofoto-2024-11-29-21.39.51.png 987w\" sizes=\"(max-width: 768px) 100vw, 768px\" \/>\t\t\t\t\t\t\t\t\t\t\t\t\t\t\t<\/div>\n\t\t\t\t<\/div>\n\t\t\t\t<\/div>\n\t\t\t\t\t<\/div>\n\t\t\t\t<\/div>\n\t\t<div class=\"elementor-element elementor-element-48b7cd2 e-flex e-con-boxed e-con e-parent\" data-id=\"48b7cd2\" data-element_type=\"container\" data-e-type=\"container\" data-settings=\"{&quot;background_background&quot;:&quot;classic&quot;}\">\n\t\t\t\t\t<div class=\"e-con-inner\">\n\t\t<div class=\"elementor-element elementor-element-f6167d8 e-con-full e-flex e-con e-child\" data-id=\"f6167d8\" data-element_type=\"container\" data-e-type=\"container\">\n\t\t\t\t<div class=\"elementor-element elementor-element-5764354 elementor-widget elementor-widget-heading\" data-id=\"5764354\" data-element_type=\"widget\" data-e-type=\"widget\" data-widget_type=\"heading.default\">\n\t\t\t\t<div class=\"elementor-widget-container\">\n\t\t\t\t\t<h4 class=\"elementor-heading-title elementor-size-default\">T\u00e1jk\u00e9p, 100cm x 70cm, akril, karton<\/h4>\t\t\t\t<\/div>\n\t\t\t\t<\/div>\n\t\t\t\t<\/div>\n\t\t<div class=\"elementor-element elementor-element-14ffb68 e-con-full e-flex e-con e-child\" data-id=\"14ffb68\" data-element_type=\"container\" data-e-type=\"container\">\n\t\t\t\t<div class=\"elementor-element elementor-element-a907e6f elementor-widget elementor-widget-heading\" data-id=\"a907e6f\" data-element_type=\"widget\" data-e-type=\"widget\" data-widget_type=\"heading.default\">\n\t\t\t\t<div class=\"elementor-widget-container\">\n\t\t\t\t\t<h4 class=\"elementor-heading-title elementor-size-default\">T\u00e1jk\u00e9p, 100cm x 70cm, akril, karton<\/h4>\t\t\t\t<\/div>\n\t\t\t\t<\/div>\n\t\t\t\t<\/div>\n\t\t\t\t\t<\/div>\n\t\t\t\t<\/div>\n\t\t<div class=\"elementor-element elementor-element-cb3aec4 e-flex e-con-boxed e-con e-parent\" data-id=\"cb3aec4\" data-element_type=\"container\" data-e-type=\"container\" data-settings=\"{&quot;background_background&quot;:&quot;classic&quot;}\">\n\t\t\t\t\t<div class=\"e-con-inner\">\n\t\t\t\t\t<\/div>\n\t\t\t\t<\/div>\n\t\t\t\t<\/div>","protected":false},"excerpt":{"rendered":"<p>K\u00e1csor T\u00fcnde n n Mit jelent nekem a fest\u00e9s? A fest\u00e9s \u00e9letem \u00e9rtelme \u00e9s c\u00e9lja.&nbsp;Tapasztalati tud\u00e1s szerz\u00e9s\u00e9nek izgalmas lehet\u0151s\u00e9ge, amiben meg\u00e9rthetem a folyamatokat, megismerhetem \u00f6nmagamat \u00e9s a vil\u00e1got, amiben \u00e9lek.&nbsp;Kegyelmi \u00e1llapot, mert fest\u00e9s k\u00f6zben megsz\u0171nik az id\u0151, a f\u00e1radt elme h\u00e1tt\u00e9rbe vonul, elcsendesedik kicsit, \u00e9s kezdet\u00e9t veheti v\u00e9gre a j\u00e1tsz\u00e1s. Itt a legnagyobb \u00f6r\u00f6mmel \u00e1tadom&#8230;<\/p>","protected":false},"author":1,"featured_media":1531,"parent":0,"menu_order":0,"comment_status":"closed","ping_status":"closed","template":"elementor_header_footer","meta":{"_kadence_starter_templates_imported_post":true,"_kad_post_transparent":"","_kad_post_title":"hide","_kad_post_layout":"normal","_kad_post_sidebar_id":"","_kad_post_content_style":"unboxed","_kad_post_vertical_padding":"hide","_kad_post_feature":"hide","_kad_post_feature_position":"","_kad_post_header":false,"_kad_post_footer":false,"footnotes":""},"class_list":["post-1204","page","type-page","status-publish","has-post-thumbnail","hentry"],"_links":{"self":[{"href":"https:\/\/kacsortundeart.com\/en\/wp-json\/wp\/v2\/pages\/1204","targetHints":{"allow":["GET"]}}],"collection":[{"href":"https:\/\/kacsortundeart.com\/en\/wp-json\/wp\/v2\/pages"}],"about":[{"href":"https:\/\/kacsortundeart.com\/en\/wp-json\/wp\/v2\/types\/page"}],"author":[{"embeddable":true,"href":"https:\/\/kacsortundeart.com\/en\/wp-json\/wp\/v2\/users\/1"}],"replies":[{"embeddable":true,"href":"https:\/\/kacsortundeart.com\/en\/wp-json\/wp\/v2\/comments?post=1204"}],"version-history":[{"count":257,"href":"https:\/\/kacsortundeart.com\/en\/wp-json\/wp\/v2\/pages\/1204\/revisions"}],"predecessor-version":[{"id":2299,"href":"https:\/\/kacsortundeart.com\/en\/wp-json\/wp\/v2\/pages\/1204\/revisions\/2299"}],"wp:featuredmedia":[{"embeddable":true,"href":"https:\/\/kacsortundeart.com\/en\/wp-json\/wp\/v2\/media\/1531"}],"wp:attachment":[{"href":"https:\/\/kacsortundeart.com\/en\/wp-json\/wp\/v2\/media?parent=1204"}],"curies":[{"name":"wp","href":"https:\/\/api.w.org\/{rel}","templated":true}]}}